{"id":96,"date":"2021-10-20T14:26:28","date_gmt":"2021-10-20T17:26:28","guid":{"rendered":"https:\/\/polishtec.com.br\/?page_id=96"},"modified":"2021-10-20T15:44:21","modified_gmt":"2021-10-20T18:44:21","slug":"polimento-de-piso-em-betao","status":"publish","type":"page","link":"https:\/\/polishtec.com.br\/?page_id=96","title":{"rendered":"Polimento de Piso em Bet\u00e3o"},"content":{"rendered":"\t\t<div data-elementor-type=\"wp-page\" data-elementor-id=\"96\" class=\"elementor elementor-96\">\n\t\t\t\t\t\t<section class=\"elementor-section elementor-top-section elementor-element elementor-element-8bb5409 elementor-section-boxed elementor-section-height-default elementor-section-height-default\" data-id=\"8bb5409\" data-element_type=\"section\" data-settings=\"{&quot;background_background&quot;:&quot;classic&quot;}\">\n\t\t\t\t\t\t\t<div class=\"elementor-background-overlay\"><\/div>\n\t\t\t\t\t\t\t<div class=\"elementor-container elementor-column-gap-default\">\n\t\t\t\t\t<div class=\"elementor-column elementor-col-100 elementor-top-column elementor-element elementor-element-c5969ab\" data-id=\"c5969ab\" data-element_type=\"column\">\n\t\t\t<div class=\"elementor-widget-wrap elementor-element-populated\">\n\t\t\t\t\t\t<div class=\"elementor-element elementor-element-d19b33d elementor-widget elementor-widget-heading\" data-id=\"d19b33d\" data-element_type=\"widget\" data-widget_type=\"heading.default\">\n\t\t\t\t<div class=\"elementor-widget-container\">\n\t\t\t<style>\/*! elementor - v3.23.0 - 05-08-2024 *\/\n.elementor-heading-title{padding:0;margin:0;line-height:1}.elementor-widget-heading .elementor-heading-title[class*=elementor-size-]>a{color:inherit;font-size:inherit;line-height:inherit}.elementor-widget-heading .elementor-heading-title.elementor-size-small{font-size:15px}.elementor-widget-heading .elementor-heading-title.elementor-size-medium{font-size:19px}.elementor-widget-heading .elementor-heading-title.elementor-size-large{font-size:29px}.elementor-widget-heading .elementor-heading-title.elementor-size-xl{font-size:39px}.elementor-widget-heading .elementor-heading-title.elementor-size-xxl{font-size:59px}<\/style><h2 class=\"elementor-heading-title elementor-size-default\">Lapida\u00e7\u00e3o em Pavimento de Bet\u00e3o\n<\/h2>\t\t<\/div>\n\t\t\t\t<\/div>\n\t\t\t\t\t<\/div>\n\t\t<\/div>\n\t\t\t\t\t<\/div>\n\t\t<\/section>\n\t\t\t\t<section class=\"elementor-section elementor-top-section elementor-element elementor-element-16645e0e elementor-section-boxed elementor-section-height-default elementor-section-height-default\" data-id=\"16645e0e\" data-element_type=\"section\">\n\t\t\t\t\t\t<div class=\"elementor-container elementor-column-gap-default\">\n\t\t\t\t\t<div class=\"elementor-column elementor-col-50 elementor-top-column elementor-element elementor-element-77a74399\" data-id=\"77a74399\" data-element_type=\"column\">\n\t\t\t<div class=\"elementor-widget-wrap elementor-element-populated\">\n\t\t\t\t\t\t<div class=\"elementor-element elementor-element-140eaba elementor-widget elementor-widget-text-editor\" data-id=\"140eaba\" data-element_type=\"widget\" data-widget_type=\"text-editor.default\">\n\t\t\t\t<div class=\"elementor-widget-container\">\n\t\t\t<style>\/*! elementor - v3.23.0 - 05-08-2024 *\/\n.elementor-widget-text-editor.elementor-drop-cap-view-stacked .elementor-drop-cap{background-color:#69727d;color:#fff}.elementor-widget-text-editor.elementor-drop-cap-view-framed .elementor-drop-cap{color:#69727d;border:3px solid;background-color:transparent}.elementor-widget-text-editor:not(.elementor-drop-cap-view-default) .elementor-drop-cap{margin-top:8px}.elementor-widget-text-editor:not(.elementor-drop-cap-view-default) .elementor-drop-cap-letter{width:1em;height:1em}.elementor-widget-text-editor .elementor-drop-cap{float:left;text-align:center;line-height:1;font-size:50px}.elementor-widget-text-editor .elementor-drop-cap-letter{display:inline-block}<\/style>\t\t\t\t<p class=\"font_8\">A cada dia que passa a lapida\u00e7\u00e3o de Bet\u00e3o, tem ficado cada vez mais conhecida.<\/p>\n<p class=\"font_8\">A lapida\u00e7\u00e3o \u00e9 um sistema de tratamento da superf\u00edcie do pavimento de bet\u00e3o, com m\u00e1quinas polidoras e lixas diamantadas, a fim de obter alta resist\u00eancia e um brilho natural.<\/p>\n<h6 class=\"font_6\">Motivos para o lapida\u00e7\u00e3o em pavimento em Bet\u00e3o<span class=\"wixGuard\">\u200b<\/span><\/h6>\n<p class=\"font_8\">Existem 3 objetivos para a lapida\u00e7\u00e3o do concreto:<\/p>\n<ul class=\"font_8\">\n<li>\n<p class=\"font_8\">Endurecimento da superf\u00edcie<\/p>\n<\/li>\n<li>\n<p class=\"font_8\">Prote\u00e7\u00e3o contra poeira<\/p>\n<\/li>\n<li>\n<p class=\"font_8\">Selagem da superf\u00edcie<\/p>\n<\/li>\n<\/ul>\n<p class=\"font_8\"><span class=\"wixGuard\">\u200b<\/span><\/p>\n<p class=\"font_8\">Essa apar\u00eancia de brilho \u00e9 resultado de uma rea\u00e7\u00e3o qu\u00edmica, entre o silicato e o bet\u00e3o. Quando ocorre a rea\u00e7\u00e3o, formam-se cristais na superf\u00edcie, como resultado obt\u00e9m-se uma superf\u00edcie dura, densificada e brilhante.<\/p>\t\t\t\t\t\t<\/div>\n\t\t\t\t<\/div>\n\t\t\t\t<div class=\"elementor-element elementor-element-5abe12f elementor-widget elementor-widget-button\" data-id=\"5abe12f\" data-element_type=\"widget\" data-widget_type=\"button.default\">\n\t\t\t\t<div class=\"elementor-widget-container\">\n\t\t\t\t\t<div class=\"elementor-button-wrapper\">\n\t\t\t<a class=\"elementor-button elementor-button-link elementor-size-sm\" href=\"https:\/\/api.whatsapp.com\/send?phone=5511947958547&#038;text=Ol%C3%A1%20tudo%20bem%3F\">\n\t\t\t\t\t\t<span class=\"elementor-button-content-wrapper\">\n\t\t\t\t\t\t\t\t\t<span class=\"elementor-button-text\">Solicite Uma Apresenta\u00e7\u00e3o!<\/span>\n\t\t\t\t\t<\/span>\n\t\t\t\t\t<\/a>\n\t\t<\/div>\n\t\t\t\t<\/div>\n\t\t\t\t<\/div>\n\t\t\t\t\t<\/div>\n\t\t<\/div>\n\t\t\t\t<div class=\"elementor-column elementor-col-50 elementor-top-column elementor-element elementor-element-9b3010f\" data-id=\"9b3010f\" data-element_type=\"column\">\n\t\t\t<div class=\"elementor-widget-wrap elementor-element-populated\">\n\t\t\t\t\t\t<div class=\"elementor-element elementor-element-761a8a8 elementor-widget elementor-widget-image\" data-id=\"761a8a8\" data-element_type=\"widget\" data-widget_type=\"image.default\">\n\t\t\t\t<div class=\"elementor-widget-container\">\n\t\t\t<style>\/*! elementor - v3.23.0 - 05-08-2024 *\/\n.elementor-widget-image{text-align:center}.elementor-widget-image a{display:inline-block}.elementor-widget-image a img[src$=\".svg\"]{width:48px}.elementor-widget-image img{vertical-align:middle;display:inline-block}<\/style>\t\t\t\t\t\t\t\t\t\t<img fetchpriority=\"high\" decoding=\"async\" width=\"462\" height=\"370\" src=\"https:\/\/polishtec.com.br\/wp-content\/uploads\/2021\/10\/lapidacao-de-betao_edited.webp\" class=\"attachment-large size-large wp-image-98\" alt=\"\" srcset=\"https:\/\/polishtec.com.br\/wp-content\/uploads\/2021\/10\/lapidacao-de-betao_edited.webp 462w, https:\/\/polishtec.com.br\/wp-content\/uploads\/2021\/10\/lapidacao-de-betao_edited-300x240.webp 300w\" sizes=\"(max-width: 462px) 100vw, 462px\" \/>\t\t\t\t\t\t\t\t\t\t\t\t\t<\/div>\n\t\t\t\t<\/div>\n\t\t\t\t\t<\/div>\n\t\t<\/div>\n\t\t\t\t\t<\/div>\n\t\t<\/section>\n\t\t\t\t<\/div>\n\t\t","protected":false},"excerpt":{"rendered":"<p>Lapida\u00e7\u00e3o em Pavimento de Bet\u00e3o A cada dia que passa a lapida\u00e7\u00e3o de Bet\u00e3o, tem ficado cada vez mais conhecida. A lapida\u00e7\u00e3o \u00e9 um sistema de tratamento da superf\u00edcie do pavimento de bet\u00e3o, com m\u00e1quinas polidoras e lixas diamantadas, a fim de obter alta resist\u00eancia e um brilho natural. Motivos para o lapida\u00e7\u00e3o em pavimento [&hellip;]<\/p>\n","protected":false},"author":1,"featured_media":0,"parent":0,"menu_order":0,"comment_status":"closed","ping_status":"closed","template":"","meta":{"om_disable_all_campaigns":false,"_monsterinsights_skip_tracking":false,"_monsterinsights_sitenote_active":false,"_monsterinsights_sitenote_note":"","_monsterinsights_sitenote_category":0,"footnotes":""},"class_list":["post-96","page","type-page","status-publish","hentry"],"aioseo_notices":[],"_links":{"self":[{"href":"https:\/\/polishtec.com.br\/index.php?rest_route=\/wp\/v2\/pages\/96","targetHints":{"allow":["GET"]}}],"collection":[{"href":"https:\/\/polishtec.com.br\/index.php?rest_route=\/wp\/v2\/pages"}],"about":[{"href":"https:\/\/polishtec.com.br\/index.php?rest_route=\/wp\/v2\/types\/page"}],"author":[{"embeddable":true,"href":"https:\/\/polishtec.com.br\/index.php?rest_route=\/wp\/v2\/users\/1"}],"replies":[{"embeddable":true,"href":"https:\/\/polishtec.com.br\/index.php?rest_route=%2Fwp%2Fv2%2Fcomments&post=96"}],"version-history":[{"count":7,"href":"https:\/\/polishtec.com.br\/index.php?rest_route=\/wp\/v2\/pages\/96\/revisions"}],"predecessor-version":[{"id":186,"href":"https:\/\/polishtec.com.br\/index.php?rest_route=\/wp\/v2\/pages\/96\/revisions\/186"}],"wp:attachment":[{"href":"https:\/\/polishtec.com.br\/index.php?rest_route=%2Fwp%2Fv2%2Fmedia&parent=96"}],"curies":[{"name":"wp","href":"https:\/\/api.w.org\/{rel}","templated":true}]}}