{"id":117,"date":"2021-10-20T14:41:32","date_gmt":"2021-10-20T17:41:32","guid":{"rendered":"https:\/\/polishtec.com.br\/?page_id=117"},"modified":"2021-10-20T14:52:00","modified_gmt":"2021-10-20T17:52:00","slug":"sobre-polishtec","status":"publish","type":"page","link":"https:\/\/polishtec.com.br\/?page_id=117","title":{"rendered":"Sobre Polishtec"},"content":{"rendered":"\t\t<div data-elementor-type=\"wp-page\" data-elementor-id=\"117\" class=\"elementor elementor-117\">\n\t\t\t\t\t\t<section class=\"elementor-section elementor-top-section elementor-element elementor-element-8bb5409 elementor-section-boxed elementor-section-height-default elementor-section-height-default\" data-id=\"8bb5409\" data-element_type=\"section\" data-settings=\"{&quot;background_background&quot;:&quot;classic&quot;}\">\n\t\t\t\t\t\t\t<div class=\"elementor-background-overlay\"><\/div>\n\t\t\t\t\t\t\t<div class=\"elementor-container elementor-column-gap-default\">\n\t\t\t\t\t<div class=\"elementor-column elementor-col-50 elementor-top-column elementor-element elementor-element-c5969ab\" data-id=\"c5969ab\" data-element_type=\"column\">\n\t\t\t<div class=\"elementor-widget-wrap elementor-element-populated\">\n\t\t\t\t\t\t<div class=\"elementor-element elementor-element-d19b33d elementor-widget elementor-widget-heading\" data-id=\"d19b33d\" data-element_type=\"widget\" data-widget_type=\"heading.default\">\n\t\t\t\t<div class=\"elementor-widget-container\">\n\t\t\t<style>\/*! elementor - v3.23.0 - 05-08-2024 *\/\n.elementor-heading-title{padding:0;margin:0;line-height:1}.elementor-widget-heading .elementor-heading-title[class*=elementor-size-]>a{color:inherit;font-size:inherit;line-height:inherit}.elementor-widget-heading .elementor-heading-title.elementor-size-small{font-size:15px}.elementor-widget-heading .elementor-heading-title.elementor-size-medium{font-size:19px}.elementor-widget-heading .elementor-heading-title.elementor-size-large{font-size:29px}.elementor-widget-heading .elementor-heading-title.elementor-size-xl{font-size:39px}.elementor-widget-heading .elementor-heading-title.elementor-size-xxl{font-size:59px}<\/style><h2 class=\"elementor-heading-title elementor-size-default\">Bem Vindo<br>\na Polishtec<\/h2>\t\t<\/div>\n\t\t\t\t<\/div>\n\t\t\t\t\t<\/div>\n\t\t<\/div>\n\t\t\t\t<div class=\"elementor-column elementor-col-50 elementor-top-column elementor-element elementor-element-0d06e4f\" data-id=\"0d06e4f\" data-element_type=\"column\">\n\t\t\t<div class=\"elementor-widget-wrap elementor-element-populated\">\n\t\t\t\t\t\t<div class=\"elementor-element elementor-element-6939701 elementor-widget elementor-widget-text-editor\" data-id=\"6939701\" data-element_type=\"widget\" data-widget_type=\"text-editor.default\">\n\t\t\t\t<div class=\"elementor-widget-container\">\n\t\t\t<style>\/*! elementor - v3.23.0 - 05-08-2024 *\/\n.elementor-widget-text-editor.elementor-drop-cap-view-stacked .elementor-drop-cap{background-color:#69727d;color:#fff}.elementor-widget-text-editor.elementor-drop-cap-view-framed .elementor-drop-cap{color:#69727d;border:3px solid;background-color:transparent}.elementor-widget-text-editor:not(.elementor-drop-cap-view-default) .elementor-drop-cap{margin-top:8px}.elementor-widget-text-editor:not(.elementor-drop-cap-view-default) .elementor-drop-cap-letter{width:1em;height:1em}.elementor-widget-text-editor .elementor-drop-cap{float:left;text-align:center;line-height:1;font-size:50px}.elementor-widget-text-editor .elementor-drop-cap-letter{display:inline-block}<\/style>\t\t\t\t<p>A Polishtec \u00e9 uma empresa de servi\u00e7o, especializada em polimento e recupera\u00e7\u00e3o de pisos e revestimentos em geral, atendendo a moradias, empresas, fabricas, edif\u00edcios e constru\u00e7\u00f5es. Atrav\u00e9s da nossa equipa comercial t\u00e9cnica, aconselhamos aos nossos clientes, \u00a0a melhor solu\u00e7\u00e3o \u00a0para qualquer, problema que se encontre em vosso piso e revestimento.\u00a0<\/p>\t\t\t\t\t\t<\/div>\n\t\t\t\t<\/div>\n\t\t\t\t\t<\/div>\n\t\t<\/div>\n\t\t\t\t\t<\/div>\n\t\t<\/section>\n\t\t\t\t<section class=\"elementor-section elementor-top-section elementor-element elementor-element-16645e0e elementor-reverse-tablet elementor-reverse-mobile elementor-section-boxed elementor-section-height-default elementor-section-height-default\" data-id=\"16645e0e\" data-element_type=\"section\">\n\t\t\t\t\t\t<div class=\"elementor-container elementor-column-gap-default\">\n\t\t\t\t\t<div class=\"elementor-column elementor-col-50 elementor-top-column elementor-element elementor-element-77a74399\" data-id=\"77a74399\" data-element_type=\"column\">\n\t\t\t<div class=\"elementor-widget-wrap elementor-element-populated\">\n\t\t\t\t\t\t<div class=\"elementor-element elementor-element-140eaba elementor-widget elementor-widget-text-editor\" data-id=\"140eaba\" data-element_type=\"widget\" data-widget_type=\"text-editor.default\">\n\t\t\t\t<div class=\"elementor-widget-container\">\n\t\t\t\t\t\t\t<p class=\"font_8\"><strong>Miss\u00e3o<\/strong><\/p><p class=\"font_8\"><span class=\"color_19\">Oferecer solu\u00e7\u00f5es, adequadas para todos os nossos clientes, quando se encontra com algum problema com vossos pisos e revestimentos, com pre\u00e7o sujo e profissionalismo.<\/span><\/p><p class=\"font_8\"><span class=\"wixGuard\">\u200b<\/span><\/p><p class=\"font_8\"><strong>Vis\u00e3o<\/strong><span class=\"color_19\">\u00a0<\/span><\/p><p class=\"font_8\"><span class=\"color_19\">Ser a entidade referencia em Portugal, no requisito em resolu\u00e7\u00e3o, de problemas voltados a pisos e revestimentos.\u00a0<\/span><\/p><p class=\"font_8\"><span class=\"wixGuard\">\u200b<\/span><\/p><p class=\"font_8\"><strong>Valores<\/strong><\/p><p class=\"font_8\"><span class=\"color_19\">Buscar sempre melhoria em nossos servi\u00e7os, responsabilidade, transpar\u00eancia e respeito aos nossos clientes, pareceiros e funcion\u00e1rios. Pois eles s\u00e3o, o nosso capital mais valioso.\u00a0\u00a0<\/span><\/p>\t\t\t\t\t\t<\/div>\n\t\t\t\t<\/div>\n\t\t\t\t<div class=\"elementor-element elementor-element-5abe12f elementor-widget elementor-widget-button\" data-id=\"5abe12f\" data-element_type=\"widget\" data-widget_type=\"button.default\">\n\t\t\t\t<div class=\"elementor-widget-container\">\n\t\t\t\t\t<div class=\"elementor-button-wrapper\">\n\t\t\t<a class=\"elementor-button elementor-button-link elementor-size-sm\" href=\"https:\/\/web.whatsapp.com\/send?phone=5511947958547&#038;text=Ol%C3%A1%20tudo%20bem%3F\">\n\t\t\t\t\t\t<span class=\"elementor-button-content-wrapper\">\n\t\t\t\t\t\t\t\t\t<span class=\"elementor-button-text\">Solicite Uma Apresenta\u00e7\u00e3o!<\/span>\n\t\t\t\t\t<\/span>\n\t\t\t\t\t<\/a>\n\t\t<\/div>\n\t\t\t\t<\/div>\n\t\t\t\t<\/div>\n\t\t\t\t\t<\/div>\n\t\t<\/div>\n\t\t\t\t<div class=\"elementor-column elementor-col-50 elementor-top-column elementor-element elementor-element-9b3010f\" data-id=\"9b3010f\" data-element_type=\"column\" data-settings=\"{&quot;background_background&quot;:&quot;classic&quot;}\">\n\t\t\t<div class=\"elementor-widget-wrap elementor-element-populated\">\n\t\t\t\t\t\t<div class=\"elementor-element elementor-element-2e752a6 elementor-widget elementor-widget-image\" data-id=\"2e752a6\" data-element_type=\"widget\" data-widget_type=\"image.default\">\n\t\t\t\t<div class=\"elementor-widget-container\">\n\t\t\t<style>\/*! elementor - v3.23.0 - 05-08-2024 *\/\n.elementor-widget-image{text-align:center}.elementor-widget-image a{display:inline-block}.elementor-widget-image a img[src$=\".svg\"]{width:48px}.elementor-widget-image img{vertical-align:middle;display:inline-block}<\/style>\t\t\t\t\t\t\t\t\t\t<img fetchpriority=\"high\" decoding=\"async\" width=\"800\" height=\"919\" src=\"https:\/\/polishtec.com.br\/wp-content\/uploads\/2021\/10\/Politriz-Husqwarna.png\" class=\"attachment-large size-large wp-image-120\" alt=\"\" srcset=\"https:\/\/polishtec.com.br\/wp-content\/uploads\/2021\/10\/Politriz-Husqwarna.png 891w, https:\/\/polishtec.com.br\/wp-content\/uploads\/2021\/10\/Politriz-Husqwarna-261x300.png 261w, https:\/\/polishtec.com.br\/wp-content\/uploads\/2021\/10\/Politriz-Husqwarna-768x883.png 768w\" sizes=\"(max-width: 800px) 100vw, 800px\" \/>\t\t\t\t\t\t\t\t\t\t\t\t\t<\/div>\n\t\t\t\t<\/div>\n\t\t\t\t\t<\/div>\n\t\t<\/div>\n\t\t\t\t\t<\/div>\n\t\t<\/section>\n\t\t\t\t<\/div>\n\t\t","protected":false},"excerpt":{"rendered":"<p>Bem Vindo a Polishtec A Polishtec \u00e9 uma empresa de servi\u00e7o, especializada em polimento e recupera\u00e7\u00e3o de pisos e revestimentos em geral, atendendo a moradias, empresas, fabricas, edif\u00edcios e constru\u00e7\u00f5es. Atrav\u00e9s da nossa equipa comercial t\u00e9cnica, aconselhamos aos nossos clientes, \u00a0a melhor solu\u00e7\u00e3o \u00a0para qualquer, problema que se encontre em vosso piso e revestimento.\u00a0 Miss\u00e3o [&hellip;]<\/p>\n","protected":false},"author":1,"featured_media":0,"parent":0,"menu_order":0,"comment_status":"closed","ping_status":"closed","template":"","meta":{"om_disable_all_campaigns":false,"_monsterinsights_skip_tracking":false,"_monsterinsights_sitenote_active":false,"_monsterinsights_sitenote_note":"","_monsterinsights_sitenote_category":0,"footnotes":""},"class_list":["post-117","page","type-page","status-publish","hentry"],"aioseo_notices":[],"_links":{"self":[{"href":"https:\/\/polishtec.com.br\/index.php?rest_route=\/wp\/v2\/pages\/117","targetHints":{"allow":["GET"]}}],"collection":[{"href":"https:\/\/polishtec.com.br\/index.php?rest_route=\/wp\/v2\/pages"}],"about":[{"href":"https:\/\/polishtec.com.br\/index.php?rest_route=\/wp\/v2\/types\/page"}],"author":[{"embeddable":true,"href":"https:\/\/polishtec.com.br\/index.php?rest_route=\/wp\/v2\/users\/1"}],"replies":[{"embeddable":true,"href":"https:\/\/polishtec.com.br\/index.php?rest_route=%2Fwp%2Fv2%2Fcomments&post=117"}],"version-history":[{"count":7,"href":"https:\/\/polishtec.com.br\/index.php?rest_route=\/wp\/v2\/pages\/117\/revisions"}],"predecessor-version":[{"id":131,"href":"https:\/\/polishtec.com.br\/index.php?rest_route=\/wp\/v2\/pages\/117\/revisions\/131"}],"wp:attachment":[{"href":"https:\/\/polishtec.com.br\/index.php?rest_route=%2Fwp%2Fv2%2Fmedia&parent=117"}],"curies":[{"name":"wp","href":"https:\/\/api.w.org\/{rel}","templated":true}]}}